{"id":10,"date":"2023-01-26T01:35:19","date_gmt":"2023-01-26T00:35:19","guid":{"rendered":"https:\/\/robot-academy-berlin.de\/?page_id=10"},"modified":"2024-09-30T12:12:38","modified_gmt":"2024-09-30T10:12:38","slug":"roboter-programmierung-aus-berlin","status":"publish","type":"page","link":"https:\/\/robot-academy-berlin.de\/index.php\/rab\/roboter-programmierung-aus-berlin\/","title":{"rendered":"Roboter Programmierung aus Berlin"},"content":{"rendered":"\n<div class=\"wp-block-group alignfull has-background is-layout-constrained wp-container-core-group-is-layout-cc6e9f0e wp-block-group-is-layout-constrained\" style=\"background-color:#151f29;padding-top:30px;padding-right:30px;padding-bottom:30px;padding-left:30px\">\n<div class=\"wp-block-group alignwide is-content-justification-center is-nowrap is-layout-flex wp-container-core-group-is-layout-8f942415 wp-block-group-is-layout-flex\" style=\"padding-top:0px;padding-right:0px;padding-bottom:0px;padding-left:0px\"><div style=\"padding-top:0;padding-right:0;padding-bottom:0;padding-left:0;margin-top:0;margin-right:0;margin-bottom:0;margin-left:0;\" class=\"is-style-default wp-block-site-logo\"><a href=\"https:\/\/robot-academy-berlin.de\/\" class=\"custom-logo-link\" rel=\"home\"><img loading=\"lazy\" decoding=\"async\" width=\"802\" height=\"229\" src=\"https:\/\/robot-academy-berlin.de\/wp-content\/uploads\/2023\/02\/logo_wide-1.png\" class=\"custom-logo\" alt=\"\u0628\u0631\u0645\u062c\u0629 \u0627\u0644\u0631\u0648\u0628\u0648\u062a \u0628\u0631\u0644\u064a\u0646\" srcset=\"https:\/\/robot-academy-berlin.de\/wp-content\/uploads\/2023\/02\/logo_wide-1.png 840w, https:\/\/robot-academy-berlin.de\/wp-content\/uploads\/2023\/02\/logo_wide-1-300x86.png 300w, https:\/\/robot-academy-berlin.de\/wp-content\/uploads\/2023\/02\/logo_wide-1-768x219.png 768w, https:\/\/robot-academy-berlin.de\/wp-content\/uploads\/2023\/02\/logo_wide-1-600x171.png 600w\" sizes=\"auto, (max-width: 802px) 100vw, 802px\" \/><\/a><\/div><\/div>\n\n\n\n<div class=\"wp-block-group is-content-justification-center is-nowrap is-layout-flex wp-container-core-group-is-layout-23441af8 wp-block-group-is-layout-flex\">\n<div class=\"wp-block-group is-layout-flow wp-container-core-group-is-layout-47e5a185 wp-block-group-is-layout-flow\">\n<p class=\"has-text-align-center has-primary-color has-text-color\"> Roboter Programmierung aus Berlin<\/p>\n<\/div>\n<\/div>\n\n\n\n<div class=\"wp-block-group alignwide has-background is-content-justification-center is-nowrap is-layout-flex wp-container-core-group-is-layout-23441af8 wp-block-group-is-layout-flex\" id=\"-navbar\" style=\"background-color:#151f29\">\n<div class=\"wp-block-group is-content-justification-center is-layout-constrained wp-container-core-group-is-layout-609c7cf0 wp-block-group-is-layout-constrained\" style=\"padding-top:0;padding-right:0;padding-bottom:0;padding-left:0\"><nav style=\"text-transform:capitalize;\" class=\"has-Big-font-size is-responsive items-justified-center alignwide has-left-submenu wp-block-navigation-animation wp-block-navigation has-big-font-size is-horizontal is-content-justification-center is-layout-flex wp-container-core-navigation-is-layout-801490df wp-block-navigation-is-layout-flex\" aria-label=\"Navigation DE\" \n\t\t data-wp-interactive=\"core\/navigation\" data-wp-context='{\"overlayOpenedBy\":{\"click\":false,\"hover\":false,\"focus\":false},\"type\":\"overlay\",\"roleAttribute\":\"\",\"ariaLabel\":\"Menu\"}'><button aria-haspopup=\"dialog\" aria-label=\"Open menu\" class=\"wp-block-navigation__responsive-container-open\" \n\t\t\t\tdata-wp-on--click=\"actions.openMenuOnClick\"\n\t\t\t\tdata-wp-on--keydown=\"actions.handleMenuKeydown\"\n\t\t\t><svg width=\"24\" height=\"24\" xmlns=\"http:\/\/www.w3.org\/2000\/svg\" viewBox=\"0 0 24 24\"><path d=\"M5 5v1.5h14V5H5z\"><\/path><path d=\"M5 12.8h14v-1.5H5v1.5z\"><\/path><path d=\"M5 19h14v-1.5H5V19z\"><\/path><\/svg><\/button>\n\t\t\t\t<div class=\"wp-block-navigation__responsive-container\"  id=\"modal-1\" \n\t\t\t\tdata-wp-class--has-modal-open=\"state.isMenuOpen\"\n\t\t\t\tdata-wp-class--is-menu-open=\"state.isMenuOpen\"\n\t\t\t\tdata-wp-watch=\"callbacks.initMenu\"\n\t\t\t\tdata-wp-on--keydown=\"actions.handleMenuKeydown\"\n\t\t\t\tdata-wp-on--focusout=\"actions.handleMenuFocusout\"\n\t\t\t\ttabindex=\"-1\"\n\t\t\t>\n\t\t\t\t\t<div class=\"wp-block-navigation__responsive-close\" tabindex=\"-1\">\n\t\t\t\t\t\t<div class=\"wp-block-navigation__responsive-dialog\" \n\t\t\t\tdata-wp-bind--aria-modal=\"state.ariaModal\"\n\t\t\t\tdata-wp-bind--aria-label=\"state.ariaLabel\"\n\t\t\t\tdata-wp-bind--role=\"state.roleAttribute\"\n\t\t\t>\n\t\t\t\t\t\t\t<button aria-label=\"Close menu\" class=\"wp-block-navigation__responsive-container-close\" \n\t\t\t\tdata-wp-on--click=\"actions.closeMenuOnClick\"\n\t\t\t><svg xmlns=\"http:\/\/www.w3.org\/2000\/svg\" viewBox=\"0 0 24 24\" width=\"24\" height=\"24\" aria-hidden=\"true\" focusable=\"false\"><path d=\"m13.06 12 6.47-6.47-1.06-1.06L12 10.94 5.53 4.47 4.47 5.53 10.94 12l-6.47 6.47 1.06 1.06L12 13.06l6.47 6.47 1.06-1.06L13.06 12Z\"><\/path><\/svg><\/button>\n\t\t\t\t\t\t\t<div class=\"wp-block-navigation__responsive-container-content\" \n\t\t\t\tdata-wp-watch=\"callbacks.focusFirstElement\"\n\t\t\t id=\"modal-1-content\">\n\t\t\t\t\t\t\t\t<ul style=\"text-transform:capitalize;\" class=\"wp-block-navigation__container has-Big-font-size is-responsive items-justified-center alignwide has-left-submenu wp-block-navigation-animation wp-block-navigation has-big-font-size\"><li data-wp-context=\"{ &quot;submenuOpenedBy&quot;: { &quot;click&quot;: false, &quot;hover&quot;: false, &quot;focus&quot;: false }, &quot;type&quot;: &quot;submenu&quot;, &quot;modal&quot;: null, &quot;previousFocus&quot;: null }\" data-wp-interactive=\"core\/navigation\" data-wp-on--focusout=\"actions.handleMenuFocusout\" data-wp-on--keydown=\"actions.handleMenuKeydown\" data-wp-on--mouseenter=\"actions.openMenuOnHover\" data-wp-on--mouseleave=\"actions.closeMenuOnHover\" data-wp-watch=\"callbacks.initMenu\" tabindex=\"-1\" class=\"wp-block-navigation-item has-Big-font-size has-child open-on-hover-click wp-block-navigation-submenu\"><a class=\"wp-block-navigation-item__content\" href=\"https:\/\/robot-academy-berlin.de\/index.php\/en\/\"><span class=\"wp-block-navigation-item__label\">Deutsch<\/span><\/a><button data-wp-bind--aria-expanded=\"state.isMenuOpen\" data-wp-on--click=\"actions.toggleMenuOnClick\" aria-label=\"Deutsch submenu\" class=\"wp-block-navigation__submenu-icon wp-block-navigation-submenu__toggle\" ><svg xmlns=\"http:\/\/www.w3.org\/2000\/svg\" width=\"12\" height=\"12\" viewBox=\"0 0 12 12\" fill=\"none\" aria-hidden=\"true\" focusable=\"false\"><path d=\"M1.50002 4L6.00002 8L10.5 4\" stroke-width=\"1.5\"><\/path><\/svg><\/button><ul data-wp-on--focus=\"actions.openMenuOnFocus\" class=\"wp-block-navigation__submenu-container wp-block-navigation-submenu\"><li class=\"has-Big-font-size wp-block-navigation-item wp-block-navigation-link\"><a class=\"wp-block-navigation-item__content\"  href=\"https:\/\/robot-academy-berlin.de\/index.php\/ar\/\"><span class=\"wp-block-navigation-item__label\">\u0639\u0631\u0628\u064a<\/span><\/a><\/li><\/ul><\/li><li class=\"has-Big-font-size wp-block-navigation-item wp-block-navigation-link\"><a class=\"wp-block-navigation-item__content\"  href=\"https:\/\/robot-academy-berlin.de\/\"><span class=\"wp-block-navigation-item__label\">Start RAB<\/span><\/a><\/li><li class=\"has-Big-font-size wp-block-navigation-item wp-block-navigation-link\"><a class=\"wp-block-navigation-item__content\"  href=\"https:\/\/robot-academy-berlin.de\/index.php\/rab\/roboter-programmierung-aus-berlin\/\"><span class=\"wp-block-navigation-item__label\">Programmierung<\/span><\/a><\/li><li class=\"has-Big-font-size wp-block-navigation-item wp-block-navigation-link\"><a class=\"wp-block-navigation-item__content\"  href=\"https:\/\/robot-academy-berlin.de\/index.php\/rab\/roboter-schulungen\/\"><span class=\"wp-block-navigation-item__label\">Schulungen<\/span><\/a><\/li><li class=\"has-Big-font-size wp-block-navigation-item wp-block-navigation-link\"><a class=\"wp-block-navigation-item__content\"  href=\"https:\/\/robot-academy-berlin.de\/index.php\/rab\/kontakt\/\"><span class=\"wp-block-navigation-item__label\">Kontakt<\/span><\/a><\/li><li class=\"has-Big-font-size wp-block-navigation-item wp-block-navigation-link\"><a class=\"wp-block-navigation-item__content\"  href=\"https:\/\/robot-academy-berlin.de\/index.php\/rab\/ueber-uns\/\"><span class=\"wp-block-navigation-item__label\">\u00dcber Uns<\/span><\/a><\/li><\/ul>\n\t\t\t\t\t\t\t<\/div>\n\t\t\t\t\t\t<\/div>\n\t\t\t\t\t<\/div>\n\t\t\t\t<\/div><\/nav><\/div>\n\n\n\n<div class=\"wp-block-group is-layout-flow wp-container-core-group-is-layout-94542ded wp-block-group-is-layout-flow\" style=\"border-style:none;border-width:0px;border-radius:0px;margin-top:0;margin-bottom:0;padding-top:0;padding-right:0;padding-bottom:0;padding-left:0\"><form role=\"search\" method=\"get\" action=\"https:\/\/robot-academy-berlin.de\/\" class=\"wp-block-search__button-inside wp-block-search__icon-button alignright wp-block-search\"    ><label class=\"wp-block-search__label screen-reader-text\" for=\"wp-block-search__input-2\" >Search<\/label><div class=\"wp-block-search__inside-wrapper\"  style=\"width: 100%\"><input class=\"wp-block-search__input\" id=\"wp-block-search__input-2\" placeholder=\"...\" value=\"\" type=\"search\" name=\"s\" required \/><button aria-label=\"Search\" class=\"wp-block-search__button has-icon wp-element-button\" type=\"submit\" ><svg class=\"search-icon\" viewBox=\"0 0 24 24\" width=\"24\" height=\"24\">\n\t\t\t\t\t<path d=\"M13 5c-3.3 0-6 2.7-6 6 0 1.4.5 2.7 1.3 3.7l-3.8 3.8 1.1 1.1 3.8-3.8c1 .8 2.3 1.3 3.7 1.3 3.3 0 6-2.7 6-6S16.3 5 13 5zm0 10.5c-2.5 0-4.5-2-4.5-4.5s2-4.5 4.5-4.5 4.5 2 4.5 4.5-2 4.5-4.5 4.5z\"><\/path>\n\t\t\t\t<\/svg><\/button><\/div><\/form><\/div>\n<\/div>\n<\/div>\n\n\n\n<div class=\"wp-block-group alignwide has-input-field-background-color has-background is-layout-constrained wp-container-core-group-is-layout-63d9360d wp-block-group-is-layout-constrained\" style=\"margin-top:var(--wp--preset--spacing--30);margin-bottom:var(--wp--preset--spacing--30);padding-top:1rem;padding-right:var(--wp--preset--spacing--40);padding-bottom:1rem;padding-left:var(--wp--preset--spacing--40)\">\n<h2 class=\"wp-block-heading has-text-align-center\" style=\"padding-top:var(--wp--preset--spacing--50);padding-bottom:var(--wp--preset--spacing--50)\">Meist unterst\u00fctze Marken<\/h2>\n\n\n\n<div class=\"wp-block-columns alignwide is-layout-flex wp-container-core-columns-is-layout-28f84493 wp-block-columns-is-layout-flex\">\n<div class=\"wp-block-column has-box-shadow has-foreground-background-color has-text-color has-background has-link-color wp-elements-050b9abb3e8b2599b04e4482719fb7fb is-layout-flow wp-block-column-is-layout-flow\" style=\"color:#000000;padding-top:2em;padding-right:2em;padding-bottom:2em;padding-left:2em\">\n<h2 class=\"wp-block-heading has-lite-red-color has-text-color\" id=\"single\" style=\"font-size:40px\"><strong>ABB<\/strong> <\/h2>\n\n\n\n<p class=\"has-normal-font-size\" style=\"line-height:1.5\"><strong>Profitieren Sie von unserer langj\u00e4hrigen Erfahrung mit ABB<\/strong><\/p>\n\n\n\n<hr class=\"wp-block-separator has-text-color has-css-opacity has-background is-style-wide\" style=\"background-color:#000000;color:#000000\"\/>\n\n\n\n<ul class=\"wp-block-list\">\n<li>Simulation in Robotstudio<\/li>\n\n\n\n<li>Gewissenvolles Verfahren der Achsen<\/li>\n\n\n\n<li>Schnelle Verfahrwege<\/li>\n\n\n\n<li>Erleichterte Bedienung<\/li>\n\n\n\n<li>Robuste Kollisionserkennung<\/li>\n\n\n\n<li>Korrektes Last-Tuning<\/li>\n\n\n\n<li>Pr\u00e4zise Bearbeitung<\/li>\n<\/ul>\n<\/div>\n\n\n\n<div class=\"wp-block-column has-box-shadow has-orange-background-color has-text-color has-background has-link-color wp-elements-74c4935424f45a3d27b5f8373a7042ab is-layout-flow wp-block-column-is-layout-flow\" style=\"color:#000000;padding-top:2em;padding-right:2em;padding-bottom:2em;padding-left:2em\">\n<h2 class=\"wp-block-heading has-black-color has-text-color\" id=\"family\" style=\"font-size:40px\"><strong>KUKA<\/strong><\/h2>\n\n\n\n<p class=\"has-normal-font-size\" style=\"line-height:1.5\"><strong>Maximieren Sie mit uns die Robustheit Ihrer KUKA Programme<\/strong><\/p>\n\n\n\n<hr class=\"wp-block-separator has-text-color has-boulder-color has-alpha-channel-opacity has-boulder-background-color has-background is-style-wide\"\/>\n\n\n\n<ul class=\"wp-block-list\">\n<li>Simulation in Simpro<\/li>\n\n\n\n<li>Gewissenvolles Verfahren der Achsen<\/li>\n\n\n\n<li>Schnelle Verfahrwege<\/li>\n\n\n\n<li>Erleichterte Bedienung<\/li>\n\n\n\n<li>Robuste Kollisionserkennung<\/li>\n\n\n\n<li>Korrektes Last-Tuning<\/li>\n\n\n\n<li>Pr\u00e4zise Bearbeitung<\/li>\n<\/ul>\n<\/div>\n\n\n\n<div class=\"wp-block-column has-box-shadow has-primary-background-color has-text-color has-background has-link-color wp-elements-f527a6909605689b48625e7c6d915e1a is-layout-flow wp-block-column-is-layout-flow\" style=\"color:#000000;padding-top:2em;padding-right:2em;padding-bottom:2em;padding-left:2em\">\n<h2 class=\"wp-block-heading has-lite-red-color has-text-color\" id=\"patron\" style=\"font-size:40px\"><strong>FANUC<\/strong><\/h2>\n\n\n\n<p class=\"has-normal-font-size\"><strong>Minimieren Sie mit uns die Inbetriebnahmezeiten bei FANUC<\/strong><\/p>\n\n\n\n<hr class=\"wp-block-separator has-text-color has-boulder-color has-alpha-channel-opacity has-boulder-background-color has-background is-style-wide\"\/>\n\n\n\n<ul class=\"wp-block-list\">\n<li>Simulation in RoboGuide<\/li>\n\n\n\n<li>Gewissenvolles Verfahren der Achsen<\/li>\n\n\n\n<li>Schnelle Verfahrwege<\/li>\n\n\n\n<li>Erleichterte Bedienung<\/li>\n\n\n\n<li>Robuste Kollisionserkennung<\/li>\n\n\n\n<li>Korrektes Last-Tuning<\/li>\n\n\n\n<li>Pr\u00e4zise Bearbeitung<\/li>\n<\/ul>\n<\/div>\n<\/div>\n<\/div>\n\n\n\n<div class=\"wp-block-group alignwide has-tertiary-background-color has-background is-layout-constrained wp-container-core-group-is-layout-28b1b6cb wp-block-group-is-layout-constrained\" style=\"border-style:none;border-width:0px;border-radius:0px;margin-top:var(--wp--preset--spacing--30);margin-bottom:var(--wp--preset--spacing--30);padding-top:var(--wp--preset--spacing--50);padding-right:var(--wp--preset--spacing--20);padding-bottom:var(--wp--preset--spacing--50);padding-left:var(--wp--preset--spacing--20)\">\n<h2 class=\"wp-block-heading has-text-align-center\">Warum Sie uns w\u00e4hlen sollten?<\/h2>\n\n\n\n<div class=\"wp-block-media-text alignwide is-stacked-on-mobile\" style=\"grid-template-columns:52% auto\"><figure class=\"wp-block-media-text__media\"><img loading=\"lazy\" decoding=\"async\" width=\"645\" height=\"645\" src=\"https:\/\/robot-academy-berlin.de\/wp-content\/uploads\/2023\/02\/programming_offer3.png\" alt=\"\" class=\"wp-image-99 size-full\" srcset=\"https:\/\/robot-academy-berlin.de\/wp-content\/uploads\/2023\/02\/programming_offer3.png 645w, https:\/\/robot-academy-berlin.de\/wp-content\/uploads\/2023\/02\/programming_offer3-300x300.png 300w, https:\/\/robot-academy-berlin.de\/wp-content\/uploads\/2023\/02\/programming_offer3-150x150.png 150w, https:\/\/robot-academy-berlin.de\/wp-content\/uploads\/2023\/02\/programming_offer3-600x600.png 600w\" sizes=\"auto, (max-width: 645px) 100vw, 645px\" \/><\/figure><div class=\"wp-block-media-text__content\">\n<p>Sie m\u00fcssen sicherstellen, dass Ihre Maschinen effizient und ausfallfrei arbeiten. Um das zu erreichen, ist eine umfassende Programmierung in Robotik erforderlich. Wir sind besonders auf ABB, FANUC und KUKA spezialisiert. Andere Marken programmieren wir ebenfalls. Unsere Roboter Programmierung aus Berlin wird durchg\u00e4ngig verbessert.<\/p>\n\n\n\n<p>ABB bietet eine breite Palette an Programmierwerkzeugen f\u00fcr die Robotik, einschlie\u00dflich der RobotStudio-Software. Diese Werkzeuge erm\u00f6glichen es uns, Ihre Roboter schnell und einfach zu programmieren, so dass deutlich weniger Logik-Fehler den Betrieb aufhalten und Sie Kosten sparen.<\/p>\n\n\n\n<p>KUKA bietet die wohl mechanisch besten Roboter, ben\u00f6tigt allerdings erfahrene Programmierer, die bekannte Probleme umschiffen k\u00f6nnen. Sie k\u00f6nnen auf unsere Programmierer zur\u00fcckgreifen, da hier tiefes Verst\u00e4ndnis erforderlich ist.<\/p>\n\n\n\n<p>FANUC ist zwar preislich g\u00fcnstig bei einer moderaten Leistung. Die Inbetriebnahme stellt sich jedoch aufw\u00e4ndig heraus. Wir k\u00f6nnen Ihnen hier Zeit und Kosten ersparen.<\/p>\n\n\n\n<p>Lassen Sie sich hierzu von uns <a href=\"https:\/\/robot-academy-berlin.de\/index.php\/kontakt\/\" data-type=\"page\" data-id=\"69\">beraten<\/a>!<\/p>\n\n\n\n<div class=\"wp-block-buttons is-layout-flex wp-block-buttons-is-layout-flex\">\n<div class=\"wp-block-button\"><a class=\"wp-block-button__link wp-element-button\" href=\"https:\/\/robot-academy-berlin.de\/index.php\/kontakt\/\">Kontakt<\/a><\/div>\n<\/div>\n<\/div><\/div>\n<\/div>\n\n\n\n<p><\/p>\n","protected":false},"excerpt":{"rendered":"<p>Roboter Programmierung aus Berlin<\/p>\n","protected":false},"author":1,"featured_media":0,"parent":480,"menu_order":1,"comment_status":"closed","ping_status":"closed","template":"page-no-title","meta":{"footnotes":""},"class_list":["post-10","page","type-page","status-publish","hentry"],"_links":{"self":[{"href":"https:\/\/robot-academy-berlin.de\/index.php\/wp-json\/wp\/v2\/pages\/10","targetHints":{"allow":["GET"]}}],"collection":[{"href":"https:\/\/robot-academy-berlin.de\/index.php\/wp-json\/wp\/v2\/pages"}],"about":[{"href":"https:\/\/robot-academy-berlin.de\/index.php\/wp-json\/wp\/v2\/types\/page"}],"author":[{"embeddable":true,"href":"https:\/\/robot-academy-berlin.de\/index.php\/wp-json\/wp\/v2\/users\/1"}],"replies":[{"embeddable":true,"href":"https:\/\/robot-academy-berlin.de\/index.php\/wp-json\/wp\/v2\/comments?post=10"}],"version-history":[{"count":59,"href":"https:\/\/robot-academy-berlin.de\/index.php\/wp-json\/wp\/v2\/pages\/10\/revisions"}],"predecessor-version":[{"id":1046,"href":"https:\/\/robot-academy-berlin.de\/index.php\/wp-json\/wp\/v2\/pages\/10\/revisions\/1046"}],"up":[{"embeddable":true,"href":"https:\/\/robot-academy-berlin.de\/index.php\/wp-json\/wp\/v2\/pages\/480"}],"wp:attachment":[{"href":"https:\/\/robot-academy-berlin.de\/index.php\/wp-json\/wp\/v2\/media?parent=10"}],"curies":[{"name":"wp","href":"https:\/\/api.w.org\/{rel}","templated":true}]}}