{"id":73,"date":"2023-01-29T19:33:30","date_gmt":"2023-01-29T18:33:30","guid":{"rendered":"https:\/\/robot-academy-berlin.de\/?page_id=73"},"modified":"2024-11-13T11:57:55","modified_gmt":"2024-11-13T10:57:55","slug":"ueber-uns","status":"publish","type":"page","link":"https:\/\/robot-academy-berlin.de\/index.php\/rab\/ueber-uns\/","title":{"rendered":"RAB Vision"},"content":{"rendered":"\n<div class=\"wp-block-group alignfull has-background is-layout-constrained wp-container-core-group-is-layout-cc6e9f0e wp-block-group-is-layout-constrained\" style=\"background-color:#151f29;padding-top:30px;padding-right:30px;padding-bottom:30px;padding-left:30px\">\n<div class=\"wp-block-group alignwide is-content-justification-center is-nowrap is-layout-flex wp-container-core-group-is-layout-8f942415 wp-block-group-is-layout-flex\" style=\"padding-top:0px;padding-right:0px;padding-bottom:0px;padding-left:0px\"><div style=\"padding-top:0;padding-right:0;padding-bottom:0;padding-left:0;margin-top:0;margin-right:0;margin-bottom:0;margin-left:0;\" class=\"is-style-default wp-block-site-logo\"><a href=\"https:\/\/robot-academy-berlin.de\/\" class=\"custom-logo-link\" rel=\"home\"><img loading=\"lazy\" decoding=\"async\" width=\"802\" height=\"229\" src=\"https:\/\/robot-academy-berlin.de\/wp-content\/uploads\/2023\/02\/logo_wide-1.png\" class=\"custom-logo\" alt=\"\u0628\u0631\u0645\u062c\u0629 \u0627\u0644\u0631\u0648\u0628\u0648\u062a \u0628\u0631\u0644\u064a\u0646\" srcset=\"https:\/\/robot-academy-berlin.de\/wp-content\/uploads\/2023\/02\/logo_wide-1.png 840w, https:\/\/robot-academy-berlin.de\/wp-content\/uploads\/2023\/02\/logo_wide-1-300x86.png 300w, https:\/\/robot-academy-berlin.de\/wp-content\/uploads\/2023\/02\/logo_wide-1-768x219.png 768w, https:\/\/robot-academy-berlin.de\/wp-content\/uploads\/2023\/02\/logo_wide-1-600x171.png 600w\" sizes=\"auto, (max-width: 802px) 100vw, 802px\" \/><\/a><\/div><\/div>\n\n\n\n<div class=\"wp-block-group is-content-justification-center is-nowrap is-layout-flex wp-container-core-group-is-layout-23441af8 wp-block-group-is-layout-flex\">\n<div class=\"wp-block-group is-layout-flow wp-container-core-group-is-layout-47e5a185 wp-block-group-is-layout-flow\">\n<p class=\"has-text-align-center has-primary-color has-text-color\"> Wir bewegen Zukunft mit hoher Pr\u00e4zision<\/p>\n<\/div>\n<\/div>\n\n\n\n<div class=\"wp-block-group alignwide has-background is-content-justification-center is-nowrap is-layout-flex wp-container-core-group-is-layout-23441af8 wp-block-group-is-layout-flex\" id=\"-navbar\" style=\"background-color:#151f29\">\n<div class=\"wp-block-group is-content-justification-center is-layout-constrained wp-container-core-group-is-layout-609c7cf0 wp-block-group-is-layout-constrained\" style=\"padding-top:0;padding-right:0;padding-bottom:0;padding-left:0\"><nav style=\"text-transform:capitalize;\" class=\"has-Big-font-size is-responsive items-justified-center alignwide has-left-submenu wp-block-navigation-animation wp-block-navigation has-big-font-size is-horizontal is-content-justification-center is-layout-flex wp-container-core-navigation-is-layout-801490df wp-block-navigation-is-layout-flex\" aria-label=\"Navigation DE\" \n\t\t data-wp-interactive=\"core\/navigation\" data-wp-context='{\"overlayOpenedBy\":{\"click\":false,\"hover\":false,\"focus\":false},\"type\":\"overlay\",\"roleAttribute\":\"\",\"ariaLabel\":\"Menu\"}'><button aria-haspopup=\"dialog\" aria-label=\"Open menu\" class=\"wp-block-navigation__responsive-container-open\" \n\t\t\t\tdata-wp-on--click=\"actions.openMenuOnClick\"\n\t\t\t\tdata-wp-on--keydown=\"actions.handleMenuKeydown\"\n\t\t\t><svg width=\"24\" height=\"24\" xmlns=\"http:\/\/www.w3.org\/2000\/svg\" viewBox=\"0 0 24 24\"><path d=\"M5 5v1.5h14V5H5z\"><\/path><path d=\"M5 12.8h14v-1.5H5v1.5z\"><\/path><path d=\"M5 19h14v-1.5H5V19z\"><\/path><\/svg><\/button>\n\t\t\t\t<div class=\"wp-block-navigation__responsive-container\"  id=\"modal-1\" \n\t\t\t\tdata-wp-class--has-modal-open=\"state.isMenuOpen\"\n\t\t\t\tdata-wp-class--is-menu-open=\"state.isMenuOpen\"\n\t\t\t\tdata-wp-watch=\"callbacks.initMenu\"\n\t\t\t\tdata-wp-on--keydown=\"actions.handleMenuKeydown\"\n\t\t\t\tdata-wp-on--focusout=\"actions.handleMenuFocusout\"\n\t\t\t\ttabindex=\"-1\"\n\t\t\t>\n\t\t\t\t\t<div class=\"wp-block-navigation__responsive-close\" tabindex=\"-1\">\n\t\t\t\t\t\t<div class=\"wp-block-navigation__responsive-dialog\" \n\t\t\t\tdata-wp-bind--aria-modal=\"state.ariaModal\"\n\t\t\t\tdata-wp-bind--aria-label=\"state.ariaLabel\"\n\t\t\t\tdata-wp-bind--role=\"state.roleAttribute\"\n\t\t\t>\n\t\t\t\t\t\t\t<button aria-label=\"Close menu\" class=\"wp-block-navigation__responsive-container-close\" \n\t\t\t\tdata-wp-on--click=\"actions.closeMenuOnClick\"\n\t\t\t><svg xmlns=\"http:\/\/www.w3.org\/2000\/svg\" viewBox=\"0 0 24 24\" width=\"24\" height=\"24\" aria-hidden=\"true\" focusable=\"false\"><path d=\"m13.06 12 6.47-6.47-1.06-1.06L12 10.94 5.53 4.47 4.47 5.53 10.94 12l-6.47 6.47 1.06 1.06L12 13.06l6.47 6.47 1.06-1.06L13.06 12Z\"><\/path><\/svg><\/button>\n\t\t\t\t\t\t\t<div class=\"wp-block-navigation__responsive-container-content\" \n\t\t\t\tdata-wp-watch=\"callbacks.focusFirstElement\"\n\t\t\t id=\"modal-1-content\">\n\t\t\t\t\t\t\t\t<ul style=\"text-transform:capitalize;\" class=\"wp-block-navigation__container has-Big-font-size is-responsive items-justified-center alignwide has-left-submenu wp-block-navigation-animation wp-block-navigation has-big-font-size\"><li data-wp-context=\"{ &quot;submenuOpenedBy&quot;: { &quot;click&quot;: false, &quot;hover&quot;: false, &quot;focus&quot;: false }, &quot;type&quot;: &quot;submenu&quot;, &quot;modal&quot;: null, &quot;previousFocus&quot;: null }\" data-wp-interactive=\"core\/navigation\" data-wp-on--focusout=\"actions.handleMenuFocusout\" data-wp-on--keydown=\"actions.handleMenuKeydown\" data-wp-on--mouseenter=\"actions.openMenuOnHover\" data-wp-on--mouseleave=\"actions.closeMenuOnHover\" data-wp-watch=\"callbacks.initMenu\" tabindex=\"-1\" class=\"wp-block-navigation-item has-Big-font-size has-child open-on-hover-click wp-block-navigation-submenu\"><a class=\"wp-block-navigation-item__content\" href=\"https:\/\/robot-academy-berlin.de\/index.php\/en\/\"><span class=\"wp-block-navigation-item__label\">Deutsch<\/span><\/a><button data-wp-bind--aria-expanded=\"state.isMenuOpen\" data-wp-on--click=\"actions.toggleMenuOnClick\" aria-label=\"Deutsch submenu\" class=\"wp-block-navigation__submenu-icon wp-block-navigation-submenu__toggle\" ><svg xmlns=\"http:\/\/www.w3.org\/2000\/svg\" width=\"12\" height=\"12\" viewBox=\"0 0 12 12\" fill=\"none\" aria-hidden=\"true\" focusable=\"false\"><path d=\"M1.50002 4L6.00002 8L10.5 4\" stroke-width=\"1.5\"><\/path><\/svg><\/button><ul data-wp-on--focus=\"actions.openMenuOnFocus\" class=\"wp-block-navigation__submenu-container wp-block-navigation-submenu\"><li class=\"has-Big-font-size wp-block-navigation-item wp-block-navigation-link\"><a class=\"wp-block-navigation-item__content\"  href=\"https:\/\/robot-academy-berlin.de\/index.php\/ar\/\"><span class=\"wp-block-navigation-item__label\">\u0639\u0631\u0628\u064a<\/span><\/a><\/li><\/ul><\/li><li class=\"has-Big-font-size wp-block-navigation-item wp-block-navigation-link\"><a class=\"wp-block-navigation-item__content\"  href=\"https:\/\/robot-academy-berlin.de\/\"><span class=\"wp-block-navigation-item__label\">Start RAB<\/span><\/a><\/li><li class=\"has-Big-font-size wp-block-navigation-item wp-block-navigation-link\"><a class=\"wp-block-navigation-item__content\"  href=\"https:\/\/robot-academy-berlin.de\/index.php\/rab\/roboter-programmierung-aus-berlin\/\"><span class=\"wp-block-navigation-item__label\">Programmierung<\/span><\/a><\/li><li class=\"has-Big-font-size wp-block-navigation-item wp-block-navigation-link\"><a class=\"wp-block-navigation-item__content\"  href=\"https:\/\/robot-academy-berlin.de\/index.php\/rab\/roboter-schulungen\/\"><span class=\"wp-block-navigation-item__label\">Schulungen<\/span><\/a><\/li><li class=\"has-Big-font-size wp-block-navigation-item wp-block-navigation-link\"><a class=\"wp-block-navigation-item__content\"  href=\"https:\/\/robot-academy-berlin.de\/index.php\/rab\/kontakt\/\"><span class=\"wp-block-navigation-item__label\">Kontakt<\/span><\/a><\/li><li class=\"has-Big-font-size wp-block-navigation-item wp-block-navigation-link\"><a class=\"wp-block-navigation-item__content\"  href=\"https:\/\/robot-academy-berlin.de\/index.php\/rab\/ueber-uns\/\"><span class=\"wp-block-navigation-item__label\">\u00dcber Uns<\/span><\/a><\/li><\/ul>\n\t\t\t\t\t\t\t<\/div>\n\t\t\t\t\t\t<\/div>\n\t\t\t\t\t<\/div>\n\t\t\t\t<\/div><\/nav><\/div>\n\n\n\n<div class=\"wp-block-group is-layout-flow wp-container-core-group-is-layout-94542ded wp-block-group-is-layout-flow\" style=\"border-style:none;border-width:0px;border-radius:0px;margin-top:0;margin-bottom:0;padding-top:0;padding-right:0;padding-bottom:0;padding-left:0\"><form role=\"search\" method=\"get\" action=\"https:\/\/robot-academy-berlin.de\/\" class=\"wp-block-search__button-inside wp-block-search__icon-button alignright wp-block-search\"    ><label class=\"wp-block-search__label screen-reader-text\" for=\"wp-block-search__input-2\" >Search<\/label><div class=\"wp-block-search__inside-wrapper\"  style=\"width: 100%\"><input class=\"wp-block-search__input\" id=\"wp-block-search__input-2\" placeholder=\"...\" value=\"\" type=\"search\" name=\"s\" required \/><button aria-label=\"Search\" class=\"wp-block-search__button has-icon wp-element-button\" type=\"submit\" ><svg class=\"search-icon\" viewBox=\"0 0 24 24\" width=\"24\" height=\"24\">\n\t\t\t\t\t<path d=\"M13 5c-3.3 0-6 2.7-6 6 0 1.4.5 2.7 1.3 3.7l-3.8 3.8 1.1 1.1 3.8-3.8c1 .8 2.3 1.3 3.7 1.3 3.3 0 6-2.7 6-6S16.3 5 13 5zm0 10.5c-2.5 0-4.5-2-4.5-4.5s2-4.5 4.5-4.5 4.5 2 4.5 4.5-2 4.5-4.5 4.5z\"><\/path>\n\t\t\t\t<\/svg><\/button><\/div><\/form><\/div>\n<\/div>\n<\/div>\n\n\n\n<div class=\"wp-block-group alignwide is-layout-flow wp-block-group-is-layout-flow\">\n<div class=\"wp-block-group has-input-field-background-color has-background is-layout-constrained wp-container-core-group-is-layout-e2ac9ca3 wp-block-group-is-layout-constrained\" style=\"padding-top:var(--wp--preset--spacing--60);padding-right:var(--wp--preset--spacing--60);padding-bottom:var(--wp--preset--spacing--60);padding-left:var(--wp--preset--spacing--60)\">\n<h2 class=\"wp-block-heading has-text-align-center\" style=\"margin-top:var(--wp--preset--spacing--30);margin-bottom:var(--wp--preset--spacing--30);padding-top:0;padding-bottom:0\">RAB Vision<\/h2>\n\n\n\n<blockquote class=\"wp-block-quote has-text-align-left is-style-default is-layout-flow wp-block-quote-is-layout-flow\">\n<p class=\"has-text-align-left\" style=\"margin-top:0;margin-right:0;margin-bottom:0;margin-left:0;padding-top:var(--wp--preset--spacing--50);padding-right:0;padding-bottom:0;padding-left:var(--wp--preset--spacing--20)\">Stellen Sie sich vor, Sie gehen zur Arbeit und treffen auf einen Roboter, der Ihren Job erledigt. Klingt futuristisch, aber es ist bereits Realit\u00e4t. Die Technologie entwickelt sich st\u00e4ndig weiter und mit ihr auch die Anforderungen am Arbeitsmarkt. \u00c4ltere Berufsbilder werden obsolet und machen Platz f\u00fcr neue, technologiebasierte Karrieren.<\/p>\n\n\n\n<p style=\"padding-top:var(--wp--preset--spacing--50);padding-right:0;padding-bottom:0;padding-left:var(--wp--preset--spacing--20)\">Doch keine Sorge, der Fortschritt bringt nicht nur Jobverluste mit sich. Es er\u00f6ffnen sich auch neue Arbeitsm\u00f6glichkeiten, wenn Industrieunternehmen ihre Fabriken erweitern, um dem wachsenden Bedarf der Bev\u00f6lkerung gerecht zu werden oder ihre Prozesse optimieren, um Kosten zu reduzieren.<\/p>\n\n\n\n<p style=\"padding-top:var(--wp--preset--spacing--50);padding-right:0;padding-bottom:0;padding-left:var(--wp--preset--spacing--20)\">Wussten Sie, dass gro\u00dfe Unternehmen bereits Roboter einsetzen, um gef\u00e4hrliche, gesundheitssch\u00e4dliche und monotone Arbeiten zu erledigen? In Zukunft werden immer flexiblere Roboter verf\u00fcgbar sein, die auch f\u00fcr den Einsatz im normalen Haushalt und bei kleinen Unternehmen interessant sein werden. Stellen Sie sich vor, Ihr Haushalt wird von einem Roboter-Butler verwaltet!<\/p>\n\n\n\n<p style=\"padding-top:var(--wp--preset--spacing--50);padding-right:0;padding-bottom:0;padding-left:var(--wp--preset--spacing--20)\">Zukunftsweisende Technologien sind nicht nur f\u00fcr kommende Generationen, wie die Generation Alpha und die darauffolgenden, von gro\u00dfer Bedeutung, sondern auch f\u00fcr uns hier und jetzt. Also, bereiten Sie sich auf die Zukunft vor und entdecken Sie die vielen M\u00f6glichkeiten, die die Technologie bietet!<\/p>\n\n\n\n<p style=\"padding-top:var(--wp--preset--spacing--50);padding-right:0;padding-bottom:0;padding-left:var(--wp--preset--spacing--20)\">Kontaktieren Sie uns und sichern Sie sich Ihre Zukunft <a href=\"https:\/\/robot-academy-berlin.de\/index.php\/kontakt\/\" data-type=\"page\" data-id=\"69\"><strong><em>heute noch<\/em><\/strong><\/a>.<\/p>\n<cite>Noman Jakish<\/cite><\/blockquote>\n<\/div>\n\n\n\n<div class=\"wp-block-group alignwide has-tertiary-background-color has-background is-layout-constrained wp-container-core-group-is-layout-1ecdab4e wp-block-group-is-layout-constrained\" style=\"border-style:none;border-width:0px;padding-top:var(--wp--preset--spacing--50);padding-right:var(--wp--preset--spacing--50);padding-bottom:var(--wp--preset--spacing--50);padding-left:var(--wp--preset--spacing--50)\">\n<h2 class=\"wp-block-heading has-text-align-center\">RAB Team<\/h2>\n\n\n\n<div class=\"wp-block-columns alignwide is-layout-flex wp-container-core-columns-is-layout-28f84493 wp-block-columns-is-layout-flex\">\n<div class=\"wp-block-column is-layout-flow wp-block-column-is-layout-flow\" style=\"padding-top:var(--wp--preset--spacing--50);padding-right:0;padding-bottom:var(--wp--preset--spacing--50);padding-left:var(--wp--preset--spacing--50)\">\n<div class=\"wp-block-cover grayscale\"><span aria-hidden=\"true\" class=\"wp-block-cover__background has-background-dim-20 has-background-dim wp-block-cover__gradient-background has-background-gradient has-very-light-gray-to-cyan-bluish-gray-gradient-background\"><\/span><img decoding=\"async\" class=\"wp-block-cover__image-background wp-image-281\" alt=\"\" src=\"https:\/\/robot-academy-berlin.de\/wp-content\/uploads\/2023\/02\/20230208_172048_3.png\" data-object-fit=\"cover\"\/><div class=\"wp-block-cover__inner-container is-layout-flow wp-block-cover-is-layout-flow\">\n<p class=\"has-text-align-center has-large-font-size\"><\/p>\n<\/div><\/div>\n\n\n\n<p class=\"has-foreground-color has-text-color has-medium-font-size\"><strong><em>Noman Jakish<\/em><\/strong>, Diplom-Elektroingenieur mit Schwerpunkt Luftfahrttechnik, bringt f\u00fcnf Jahre Erfahrung bei Daimler sowie umfangreiche Projektbeteiligungen f\u00fcr DURA, GROB und ZF mit. Noman kam vor acht Jahren aus Syrien nach Deutschland und hat sich erfolgreich integriert. In seiner Freizeit war er ein engagierter Privatlehrer f\u00fcr Abiturstoff in Physik, Mathematik und Chemie in Aleppo, Syrien.<\/p>\n<\/div>\n<\/div>\n<\/div>\n\n\n\n<div class=\"wp-block-group alignfull has-input-field-background-color has-background is-content-justification-center is-layout-constrained wp-container-core-group-is-layout-28420f91 wp-block-group-is-layout-constrained\" style=\"border-style:none;border-width:0px;border-radius:0px;padding-top:var(--wp--preset--spacing--40);padding-right:var(--wp--preset--spacing--40);padding-bottom:var(--wp--preset--spacing--40);padding-left:var(--wp--preset--spacing--40)\">\n<h2 class=\"wp-block-heading has-text-align-center\">Impressum<\/h2>\n\n\n\n<div class=\"wp-block-group alignwide is-content-justification-left is-layout-constrained wp-container-core-group-is-layout-12dd3699 wp-block-group-is-layout-constrained\">\n<p>Telefon: +49 176 1648 9958<\/p>\n\n\n\n<p>E-Mail: <a href=\"mailto:kontakt@robot-academy-berlin.de\">kontakt@robot-academy-berlin.de<\/a><\/p>\n\n\n\n<h3 class=\"wp-block-heading\"><strong>Kontakt:<\/strong><\/h3>\n\n\n\n<p>Gesch\u00e4ftsf\u00fchrer: Noman Jakish<\/p>\n\n\n\n<p>Handelsregister: HRB 251384 B<br>Amtsgericht Berlin<\/p>\n\n\n\n<p>Storkower Str\u00dfe 158<br>10407 Berlin<br>Germany<\/p>\n\n\n\n<h3 class=\"wp-block-heading\">Robot Academy Berlin GmbH<\/h3>\n\n\n\n<p>Unser&nbsp;Impressum&nbsp;gilt f\u00fcr die Seite www.robot-academy-berlin.de sowie f\u00fcr die RAB-Seiten auf&nbsp;Youtube, Facebook,&nbsp;Google+,&nbsp;Xing&nbsp;und&nbsp;twitter.<\/p>\n<\/div>\n<\/div>\n<\/div>\n\n\n\n<div class=\"wp-block-group alignfull has-text-color has-background has-link-color wp-elements-44a25abe611c01bb7457ab1a7057faba is-layout-constrained wp-container-core-group-is-layout-4216845d wp-block-group-is-layout-constrained\" style=\"color:#929ba8;background-color:#151f29;padding-top:4rem;padding-right:30px;padding-bottom:2rem;padding-left:30px\">\n<div class=\"wp-block-columns alignwide is-layout-flex wp-container-core-columns-is-layout-18c2625c wp-block-columns-is-layout-flex\" style=\"padding-bottom:3rem\">\n<div class=\"wp-block-column is-vertically-aligned-top is-layout-flow wp-container-core-column-is-layout-528b2ec8 wp-block-column-is-layout-flow\" style=\"padding-top:20px;padding-right:20px;padding-bottom:20px;padding-left:20px;flex-basis:25%\">\n<div class=\"wp-block-group is-layout-flow wp-container-core-group-is-layout-fe0e2ea3 wp-block-group-is-layout-flow\">\n<h3 class=\"wp-block-heading has-white-color has-text-color\" style=\"font-size:1.5rem;font-style:normal;font-weight:500\">\u00dcber RAB<\/h3>\n<\/div>\n\n\n\n<div class=\"wp-block-group is-layout-flow wp-container-core-group-is-layout-343acf9e wp-block-group-is-layout-flow\">\n<p class=\"has-small-font-size\">Wir sind ein innovatives Berliner Start-up mit dem Ziel, durch den Einsatz moderner Robotik eine ges\u00fcndere Zukunft zu schaffen.<\/p>\n<\/div>\n<\/div>\n\n\n\n<div class=\"wp-block-column is-vertically-aligned-top is-layout-flow wp-container-core-column-is-layout-1060a54e wp-block-column-is-layout-flow\" style=\"padding-top:20px;padding-right:20px;padding-bottom:20px;padding-left:20px;flex-basis:25%\">\n<div class=\"wp-block-group is-layout-flow wp-container-core-group-is-layout-fe0e2ea3 wp-block-group-is-layout-flow\">\n<h3 class=\"wp-block-heading has-white-color has-text-color\" style=\"font-size:1.5rem;font-style:normal;font-weight:500\">Leistungen<\/h3>\n<\/div>\n\n\n\n<ul class=\"wp-block-list\">\n<li><a href=\"https:\/\/robot-academy-berlin.de\/index.php\/roboter-programmierung\/\" data-type=\"page\" data-id=\"10\">Programmierung<\/a><\/li>\n\n\n\n<li><a href=\"https:\/\/robot-academy-berlin.de\/index.php\/roboter-schulungen\/\" data-type=\"page\" data-id=\"45\">Schulung<\/a><\/li>\n\n\n\n<li><a href=\"https:\/\/robot-academy-berlin.de\/index.php\/kontakt\/\" data-type=\"page\" data-id=\"10\">Kontakt<\/a><\/li>\n\n\n\n<li><a href=\"https:\/\/robot-academy-berlin.de\/index.php\/ueber-uns\/\" data-type=\"page\" data-id=\"10\">\u00dcber uns<\/a><\/li>\n<\/ul>\n<\/div>\n\n\n\n<div class=\"wp-block-column is-vertically-aligned-top is-layout-flow wp-block-column-is-layout-flow\" style=\"padding-top:20px;padding-right:20px;padding-bottom:20px;padding-left:20px;flex-basis:25%\">\n<div class=\"wp-block-group is-layout-flow wp-container-core-group-is-layout-fe0e2ea3 wp-block-group-is-layout-flow\">\n<h3 class=\"wp-block-heading has-white-color has-text-color\" style=\"font-size:1.5rem;font-style:normal;font-weight:500\">Kontaktiere Uns<\/h3>\n\n\n\n<p><a href=\"mailto:kontakt@robot-academy-berlin.de\" data-type=\"mailto\" data-id=\"mailto:kontakt@robot-academy-berlin.de\">kontakt@robot-academy-berlin.de<\/a><\/p>\n\n\n\n<p class=\"has-normal-font-size\"><strong><em>Programmierung<\/em><\/strong><\/p>\n\n\n\n<p>+49 176 1648 9958<\/p>\n\n\n\n<p class=\"has-normal-font-size\"><strong><em>Schulung<\/em><\/strong><br>+49 176 1648 9958<\/p>\n<\/div>\n<\/div>\n\n\n\n<div class=\"wp-block-column is-vertically-aligned-top is-layout-flow wp-block-column-is-layout-flow\" style=\"padding-top:20px;padding-right:20px;padding-bottom:20px;padding-left:20px;flex-basis:30%\">\n<div class=\"wp-block-group is-content-justification-center is-layout-constrained wp-container-core-group-is-layout-a3c5035c wp-block-group-is-layout-constrained\" style=\"margin-top:0;margin-bottom:0;padding-top:0;padding-right:0;padding-bottom:0;padding-left:0\">\n<h3 class=\"wp-block-heading has-white-color has-text-color\" style=\"font-size:1.5rem;font-style:normal;font-weight:500\">Anschrift<\/h3>\n\n\n\n<p class=\"has-normal-font-size\">RAB GmbH<br>C\/O Noman Jakish<br>Storkower Str\u00dfe 158<br>10407 Berlin<br>Germany<\/p>\n<\/div>\n<\/div>\n<\/div>\n\n\n\n<div class=\"wp-block-group alignwide is-layout-constrained wp-block-group-is-layout-constrained\">\n<div class=\"wp-block-columns is-layout-flex wp-container-core-columns-is-layout-28f84493 wp-block-columns-is-layout-flex\">\n<div class=\"wp-block-column is-layout-flow wp-block-column-is-layout-flow\">\n<p class=\"has-text-align-center\">\u00a9 2023 &#8211; RAB GmbH <\/p>\n<\/div>\n\n\n\n<div class=\"wp-block-column is-layout-flow wp-block-column-is-layout-flow\">\n<p class=\"has-text-align-center\"><a href=\"https:\/\/robot-academy-berlin.de\/index.php\/kontakt\/\" data-type=\"page\" data-id=\"69\">Kontakt<\/a><\/p>\n<\/div>\n\n\n\n<div class=\"wp-block-column is-layout-flow wp-block-column-is-layout-flow\">\n<p class=\"has-text-align-center\"><a href=\"https:\/\/robot-academy-berlin.de\/index.php\/ueber-uns\/\" data-type=\"page\" data-id=\"73\">Impressum<\/a><\/p>\n<\/div>\n<\/div>\n<\/div>\n<\/div>\n","protected":false},"excerpt":{"rendered":"<p>Wir bewegen Zukunft mit hoher Pr\u00e4zision RAB Vision Stellen Sie sich vor, Sie gehen zur [&hellip;]<\/p>\n","protected":false},"author":1,"featured_media":0,"parent":480,"menu_order":4,"comment_status":"closed","ping_status":"closed","template":"blank","meta":{"footnotes":""},"class_list":["post-73","page","type-page","status-publish","hentry"],"_links":{"self":[{"href":"https:\/\/robot-academy-berlin.de\/index.php\/wp-json\/wp\/v2\/pages\/73","targetHints":{"allow":["GET"]}}],"collection":[{"href":"https:\/\/robot-academy-berlin.de\/index.php\/wp-json\/wp\/v2\/pages"}],"about":[{"href":"https:\/\/robot-academy-berlin.de\/index.php\/wp-json\/wp\/v2\/types\/page"}],"author":[{"embeddable":true,"href":"https:\/\/robot-academy-berlin.de\/index.php\/wp-json\/wp\/v2\/users\/1"}],"replies":[{"embeddable":true,"href":"https:\/\/robot-academy-berlin.de\/index.php\/wp-json\/wp\/v2\/comments?post=73"}],"version-history":[{"count":68,"href":"https:\/\/robot-academy-berlin.de\/index.php\/wp-json\/wp\/v2\/pages\/73\/revisions"}],"predecessor-version":[{"id":1056,"href":"https:\/\/robot-academy-berlin.de\/index.php\/wp-json\/wp\/v2\/pages\/73\/revisions\/1056"}],"up":[{"embeddable":true,"href":"https:\/\/robot-academy-berlin.de\/index.php\/wp-json\/wp\/v2\/pages\/480"}],"wp:attachment":[{"href":"https:\/\/robot-academy-berlin.de\/index.php\/wp-json\/wp\/v2\/media?parent=73"}],"curies":[{"name":"wp","href":"https:\/\/api.w.org\/{rel}","templated":true}]}}